{"id":206,"date":"2025-08-01T08:23:40","date_gmt":"2025-08-01T06:23:40","guid":{"rendered":"https:\/\/vfewnyxkyh-1.meinwp.de\/fanfacts-restart\/?page_id=206"},"modified":"2025-08-06T11:46:32","modified_gmt":"2025-08-06T09:46:32","slug":"impressum","status":"publish","type":"page","link":"https:\/\/www.fanfacts.com\/football\/impressum\/","title":{"rendered":"Impressum"},"content":{"rendered":"<h1 class=\"wp-block-post-title\">Impressum<\/h1>\n\n\n<h2 class=\"wp-block-heading\"><strong>Verantwortlich f\u00fcr die Inhalte auf dieser Website<\/strong><\/h2>\n\n\n\n<p>asioso GmbH<br>Wilhelmine-Reichard-Str. 26<br>80935 M\u00fcnchen<br>Deutschland<\/p>\n\n\n\n<p>Telefon&nbsp;<a href=\"tel: +49 89 9545706 10\">+49 89 9545706 10<\/a><br>Fax +49 89 9545706 15<br><a href=\"mailto:info@asioso.de\">info@asioso.de<\/a><br><a href=\"http:\/\/www.asioso.de\/\">www.asioso.de<\/a><\/p>\n\n\n\n<p>Amtsgericht M\u00fcnchen: HRB 231952<br>Umsatzsteuer ID: DE311338369<\/p>\n\n\n\n<p>Inhaltlich Verantwortlicher gem\u00e4\u00df \u00a7 18 Abs. 2 MStV:<\/p>\n\n\n\n<p>Nico Rehmann<br>asioso GmbH<br>Wilhelmine-Reichard-Str. 26<br>80935 M\u00fcnchen<br>Deutschland<br>Gesch\u00e4ftsf\u00fchrer: Nico Rehmann<\/p>\n\n\n\n<p>Alle Angaben auf dieser Website dienen nur der allgemeinen Information. Sie stellen keine verbindliche Beratung bzw. Empfehlung dar. Ebensowenig werden Richtigkeit und\/oder Aktualit\u00e4t der Angaben gew\u00e4hrleistet.<\/p>\n\n\n\n<p>Die Inhalte externer Websites, die \u00fcber Hyperlinks von dieser Site aus erreicht werden k\u00f6nnen oder die auf diese Seite verweisen, sind fremde Inhalte, auf die asioso GmbH keinen Einfluss hat und f\u00fcr die asioso GmbH keinerlei Gew\u00e4hr \u00fcbernimmt.<\/p>\n\n\n\n<p>Sofern Teile oder einzelne Formulierungen dieses Textes der geltenden Rechtslage nicht, nicht mehr oder nicht vollst\u00e4ndig entsprechen sollten, bleiben die \u00fcbrigen Teile des Dokumentes in ihrem Inhalt und ihrer G\u00fcltigkeit davon unber\u00fchrt.<\/p>\n\n\n\n<p><a href=\"https:\/\/www.asioso.com\/de_DE\"><\/a><\/p>\n","protected":false},"excerpt":{"rendered":"<p>Verantwortlich f\u00fcr die Inhalte auf dieser Website asioso GmbHWilhelmine-Reichard-Str. 2680935 M\u00fcnchenDeutschland Telefon&nbsp;+49 89 9545706 10Fax +49 89 9545706 15info@asioso.dewww.asioso.de Amtsgericht M\u00fcnchen: HRB 231952Umsatzsteuer ID: DE311338369 Inhaltlich Verantwortlicher gem\u00e4\u00df \u00a7 18 Abs. 2 MStV: Nico Rehmannasioso GmbHWilhelmine-Reichard-Str. 2680935 M\u00fcnchenDeutschlandGesch\u00e4ftsf\u00fchrer: Nico Rehmann Alle Angaben auf dieser Website dienen nur der allgemeinen Information. Sie stellen keine verbindliche Beratung&#8230;<\/p>\n","protected":false},"author":3,"featured_media":0,"parent":0,"menu_order":0,"comment_status":"closed","ping_status":"closed","template":"","meta":{"_kad_post_transparent":"","_kad_post_title":"","_kad_post_layout":"","_kad_post_sidebar_id":"","_kad_post_content_style":"","_kad_post_vertical_padding":"show","_kad_post_feature":"","_kad_post_feature_position":"","_kad_post_header":false,"_kad_post_footer":false,"footnotes":""},"class_list":["post-206","page","type-page","status-publish","hentry"],"yoast_head":"<!-- This site is optimized with the Yoast SEO plugin v25.7 - https:\/\/yoast.com\/wordpress\/plugins\/seo\/ -->\n<title>Impressum | FanFacts<\/title>\n<meta name=\"robots\" content=\"index, follow, max-snippet:-1, max-image-preview:large, max-video-preview:-1\" \/>\n<link rel=\"canonical\" href=\"https:\/\/www.fanfacts.com\/football\/impressum\/\" \/>\n<meta property=\"og:locale\" content=\"de_DE\" \/>\n<meta property=\"og:type\" content=\"article\" \/>\n<meta property=\"og:title\" content=\"Impressum | FanFacts\" \/>\n<meta property=\"og:description\" content=\"Verantwortlich f\u00fcr die Inhalte auf dieser Website asioso GmbHWilhelmine-Reichard-Str. 2680935 M\u00fcnchenDeutschland Telefon&nbsp;+49 89 9545706 10Fax +49 89 9545706 15info@asioso.dewww.asioso.de Amtsgericht M\u00fcnchen: HRB 231952Umsatzsteuer ID: DE311338369 Inhaltlich Verantwortlicher gem\u00e4\u00df \u00a7 18 Abs. 2 MStV: Nico Rehmannasioso GmbHWilhelmine-Reichard-Str. 2680935 M\u00fcnchenDeutschlandGesch\u00e4ftsf\u00fchrer: Nico Rehmann Alle Angaben auf dieser Website dienen nur der allgemeinen Information. Sie stellen keine verbindliche Beratung...\" \/>\n<meta property=\"og:url\" content=\"https:\/\/www.fanfacts.com\/football\/impressum\/\" \/>\n<meta property=\"og:site_name\" content=\"FanFacts\" \/>\n<meta property=\"article:publisher\" content=\"https:\/\/www.facebook.com\/fanfactsofficial\" \/>\n<meta property=\"article:modified_time\" content=\"2025-08-06T09:46:32+00:00\" \/>\n<meta name=\"twitter:card\" content=\"summary_large_image\" \/>\n<meta name=\"twitter:label1\" content=\"Gesch\u00e4tzte Lesezeit\" \/>\n\t<meta name=\"twitter:data1\" content=\"1\u00a0Minute\" \/>\n<script type=\"application\/ld+json\" class=\"yoast-schema-graph\">{\"@context\":\"https:\/\/schema.org\",\"@graph\":[{\"@type\":\"WebPage\",\"@id\":\"https:\/\/www.fanfacts.com\/football\/impressum\/\",\"url\":\"https:\/\/www.fanfacts.com\/football\/impressum\/\",\"name\":\"Impressum | FanFacts\",\"isPartOf\":{\"@id\":\"https:\/\/www.fanfacts.com\/football\/#website\"},\"datePublished\":\"2025-08-01T06:23:40+00:00\",\"dateModified\":\"2025-08-06T09:46:32+00:00\",\"breadcrumb\":{\"@id\":\"https:\/\/www.fanfacts.com\/football\/impressum\/#breadcrumb\"},\"inLanguage\":\"de\",\"potentialAction\":[{\"@type\":\"ReadAction\",\"target\":[\"https:\/\/www.fanfacts.com\/football\/impressum\/\"]}]},{\"@type\":\"BreadcrumbList\",\"@id\":\"https:\/\/www.fanfacts.com\/football\/impressum\/#breadcrumb\",\"itemListElement\":[{\"@type\":\"ListItem\",\"position\":1,\"name\":\"Startseite\",\"item\":\"https:\/\/www.fanfacts.com\/football\/\"},{\"@type\":\"ListItem\",\"position\":2,\"name\":\"Impressum\"}]},{\"@type\":\"WebSite\",\"@id\":\"https:\/\/www.fanfacts.com\/football\/#website\",\"url\":\"https:\/\/www.fanfacts.com\/football\/\",\"name\":\"FanFacts\",\"description\":\"\",\"publisher\":{\"@id\":\"https:\/\/www.fanfacts.com\/football\/#organization\"},\"potentialAction\":[{\"@type\":\"SearchAction\",\"target\":{\"@type\":\"EntryPoint\",\"urlTemplate\":\"https:\/\/www.fanfacts.com\/football\/?s={search_term_string}\"},\"query-input\":{\"@type\":\"PropertyValueSpecification\",\"valueRequired\":true,\"valueName\":\"search_term_string\"}}],\"inLanguage\":\"de\"},{\"@type\":\"Organization\",\"@id\":\"https:\/\/www.fanfacts.com\/football\/#organization\",\"name\":\"FanFacts\",\"url\":\"https:\/\/www.fanfacts.com\/football\/\",\"logo\":{\"@type\":\"ImageObject\",\"inLanguage\":\"de\",\"@id\":\"https:\/\/www.fanfacts.com\/football\/#\/schema\/logo\/image\/\",\"url\":\"https:\/\/www.fanfacts.com\/football\/wp-content\/uploads\/sites\/2\/2025\/08\/fanfacts-logo.svg\",\"contentUrl\":\"https:\/\/www.fanfacts.com\/football\/wp-content\/uploads\/sites\/2\/2025\/08\/fanfacts-logo.svg\",\"caption\":\"FanFacts\"},\"image\":{\"@id\":\"https:\/\/www.fanfacts.com\/football\/#\/schema\/logo\/image\/\"},\"sameAs\":[\"https:\/\/www.facebook.com\/fanfactsofficial\",\"https:\/\/www.instagram.com\/fanfacts.official\/\",\"https:\/\/www.tiktok.com\/@fanfacts.official\"]}]}<\/script>\n<!-- \/ Yoast SEO plugin. -->","yoast_head_json":{"title":"Impressum | FanFacts","robots":{"index":"index","follow":"follow","max-snippet":"max-snippet:-1","max-image-preview":"max-image-preview:large","max-video-preview":"max-video-preview:-1"},"canonical":"https:\/\/www.fanfacts.com\/football\/impressum\/","og_locale":"de_DE","og_type":"article","og_title":"Impressum | FanFacts","og_description":"Verantwortlich f\u00fcr die Inhalte auf dieser Website asioso GmbHWilhelmine-Reichard-Str. 2680935 M\u00fcnchenDeutschland Telefon&nbsp;+49 89 9545706 10Fax +49 89 9545706 15info@asioso.dewww.asioso.de Amtsgericht M\u00fcnchen: HRB 231952Umsatzsteuer ID: DE311338369 Inhaltlich Verantwortlicher gem\u00e4\u00df \u00a7 18 Abs. 2 MStV: Nico Rehmannasioso GmbHWilhelmine-Reichard-Str. 2680935 M\u00fcnchenDeutschlandGesch\u00e4ftsf\u00fchrer: Nico Rehmann Alle Angaben auf dieser Website dienen nur der allgemeinen Information. Sie stellen keine verbindliche Beratung...","og_url":"https:\/\/www.fanfacts.com\/football\/impressum\/","og_site_name":"FanFacts","article_publisher":"https:\/\/www.facebook.com\/fanfactsofficial","article_modified_time":"2025-08-06T09:46:32+00:00","twitter_card":"summary_large_image","twitter_misc":{"Gesch\u00e4tzte Lesezeit":"1\u00a0Minute"},"schema":{"@context":"https:\/\/schema.org","@graph":[{"@type":"WebPage","@id":"https:\/\/www.fanfacts.com\/football\/impressum\/","url":"https:\/\/www.fanfacts.com\/football\/impressum\/","name":"Impressum | FanFacts","isPartOf":{"@id":"https:\/\/www.fanfacts.com\/football\/#website"},"datePublished":"2025-08-01T06:23:40+00:00","dateModified":"2025-08-06T09:46:32+00:00","breadcrumb":{"@id":"https:\/\/www.fanfacts.com\/football\/impressum\/#breadcrumb"},"inLanguage":"de","potentialAction":[{"@type":"ReadAction","target":["https:\/\/www.fanfacts.com\/football\/impressum\/"]}]},{"@type":"BreadcrumbList","@id":"https:\/\/www.fanfacts.com\/football\/impressum\/#breadcrumb","itemListElement":[{"@type":"ListItem","position":1,"name":"Startseite","item":"https:\/\/www.fanfacts.com\/football\/"},{"@type":"ListItem","position":2,"name":"Impressum"}]},{"@type":"WebSite","@id":"https:\/\/www.fanfacts.com\/football\/#website","url":"https:\/\/www.fanfacts.com\/football\/","name":"FanFacts","description":"","publisher":{"@id":"https:\/\/www.fanfacts.com\/football\/#organization"},"potentialAction":[{"@type":"SearchAction","target":{"@type":"EntryPoint","urlTemplate":"https:\/\/www.fanfacts.com\/football\/?s={search_term_string}"},"query-input":{"@type":"PropertyValueSpecification","valueRequired":true,"valueName":"search_term_string"}}],"inLanguage":"de"},{"@type":"Organization","@id":"https:\/\/www.fanfacts.com\/football\/#organization","name":"FanFacts","url":"https:\/\/www.fanfacts.com\/football\/","logo":{"@type":"ImageObject","inLanguage":"de","@id":"https:\/\/www.fanfacts.com\/football\/#\/schema\/logo\/image\/","url":"https:\/\/www.fanfacts.com\/football\/wp-content\/uploads\/sites\/2\/2025\/08\/fanfacts-logo.svg","contentUrl":"https:\/\/www.fanfacts.com\/football\/wp-content\/uploads\/sites\/2\/2025\/08\/fanfacts-logo.svg","caption":"FanFacts"},"image":{"@id":"https:\/\/www.fanfacts.com\/football\/#\/schema\/logo\/image\/"},"sameAs":["https:\/\/www.facebook.com\/fanfactsofficial","https:\/\/www.instagram.com\/fanfacts.official\/","https:\/\/www.tiktok.com\/@fanfacts.official"]}]}},"_links":{"self":[{"href":"https:\/\/www.fanfacts.com\/football\/wp-json\/wp\/v2\/pages\/206","targetHints":{"allow":["GET"]}}],"collection":[{"href":"https:\/\/www.fanfacts.com\/football\/wp-json\/wp\/v2\/pages"}],"about":[{"href":"https:\/\/www.fanfacts.com\/football\/wp-json\/wp\/v2\/types\/page"}],"author":[{"embeddable":true,"href":"https:\/\/www.fanfacts.com\/football\/wp-json\/wp\/v2\/users\/3"}],"replies":[{"embeddable":true,"href":"https:\/\/www.fanfacts.com\/football\/wp-json\/wp\/v2\/comments?post=206"}],"version-history":[{"count":5,"href":"https:\/\/www.fanfacts.com\/football\/wp-json\/wp\/v2\/pages\/206\/revisions"}],"predecessor-version":[{"id":332,"href":"https:\/\/www.fanfacts.com\/football\/wp-json\/wp\/v2\/pages\/206\/revisions\/332"}],"wp:attachment":[{"href":"https:\/\/www.fanfacts.com\/football\/wp-json\/wp\/v2\/media?parent=206"}],"curies":[{"name":"wp","href":"https:\/\/api.w.org\/{rel}","templated":true}]}}